{"id":503,"date":"2026-02-11T18:03:21","date_gmt":"2026-02-11T17:03:21","guid":{"rendered":"https:\/\/progsys.pl\/?page_id=503"},"modified":"2026-02-22T22:35:55","modified_gmt":"2026-02-22T21:35:55","slug":"strona-glowna","status":"publish","type":"page","link":"https:\/\/progsys.pl\/","title":{"rendered":"Strona G\u0142\u00f3wna"},"content":{"rendered":"\t\t<div data-elementor-type=\"wp-page\" data-elementor-id=\"503\" class=\"elementor elementor-503\" data-elementor-post-type=\"page\">\n\t\t\t\t<div class=\"elementor-element elementor-element-3c69abb e-flex e-con-boxed elementor-invisible e-con e-parent\" data-id=\"3c69abb\" data-element_type=\"container\" data-e-type=\"container\" data-settings=\"{&quot;background_background&quot;:&quot;classic&quot;,&quot;animation&quot;:&quot;fadeInUp&quot;,&quot;animation_mobile&quot;:&quot;none&quot;}\">\n\t\t\t\t\t<div class=\"e-con-inner\">\n\t\t<div class=\"elementor-element elementor-element-b38f340 e-con-full e-flex e-con e-child\" data-id=\"b38f340\" data-element_type=\"container\" data-e-type=\"container\">\n\t\t\t\t<div class=\"elementor-element elementor-element-d77568d elementor-widget elementor-widget-image\" data-id=\"d77568d\" data-element_type=\"widget\" data-e-type=\"widget\" data-widget_type=\"image.default\">\n\t\t\t\t\t\t\t\t\t\t\t\t\t\t\t<img fetchpriority=\"high\" decoding=\"async\" width=\"300\" height=\"195\" src=\"https:\/\/progsys.pl\/wp-content\/uploads\/2026\/02\/logo_progsys-1-300x195.png\" class=\"attachment-medium size-medium wp-image-530\" alt=\"Progsys.pl pogotowie IT\" srcset=\"https:\/\/progsys.pl\/wp-content\/uploads\/2026\/02\/logo_progsys-1-300x195.png 300w, https:\/\/progsys.pl\/wp-content\/uploads\/2026\/02\/logo_progsys-1-768x499.png 768w, https:\/\/progsys.pl\/wp-content\/uploads\/2026\/02\/logo_progsys-1.png 949w\" sizes=\"(max-width: 300px) 100vw, 300px\" \/>\t\t\t\t\t\t\t\t\t\t\t\t\t\t\t<\/div>\n\t\t\t\t<\/div>\n\t\t<div class=\"elementor-element elementor-element-02a9082 e-con-full e-flex e-con e-child\" data-id=\"02a9082\" data-element_type=\"container\" data-e-type=\"container\">\n\t\t\t\t<div class=\"elementor-element elementor-element-19a3119 elementor-nav-menu--stretch elementor-nav-menu--dropdown-tablet elementor-nav-menu__text-align-aside elementor-nav-menu--toggle elementor-nav-menu--burger elementor-widget elementor-widget-nav-menu\" data-id=\"19a3119\" data-element_type=\"widget\" data-e-type=\"widget\" data-settings=\"{&quot;full_width&quot;:&quot;stretch&quot;,&quot;layout&quot;:&quot;horizontal&quot;,&quot;submenu_icon&quot;:{&quot;value&quot;:&quot;&lt;svg aria-hidden=\\&quot;true\\&quot; class=\\&quot;e-font-icon-svg e-fas-caret-down\\&quot; viewBox=\\&quot;0 0 320 512\\&quot; xmlns=\\&quot;http:\\\/\\\/www.w3.org\\\/2000\\\/svg\\&quot;&gt;&lt;path d=\\&quot;M31.3 192h257.3c17.8 0 26.7 21.5 14.1 34.1L174.1 354.8c-7.8 7.8-20.5 7.8-28.3 0L17.2 226.1C4.6 213.5 13.5 192 31.3 192z\\&quot;&gt;&lt;\\\/path&gt;&lt;\\\/svg&gt;&quot;,&quot;library&quot;:&quot;fa-solid&quot;},&quot;toggle&quot;:&quot;burger&quot;}\" data-widget_type=\"nav-menu.default\">\n\t\t\t\t\t\t\t\t<nav aria-label=\"Menu\" class=\"elementor-nav-menu--main elementor-nav-menu__container elementor-nav-menu--layout-horizontal e--pointer-underline e--animation-fade\">\n\t\t\t\t<ul id=\"menu-1-19a3119\" class=\"elementor-nav-menu\"><li class=\"menu-item menu-item-type-post_type menu-item-object-page menu-item-home menu-item-545\"><a href=\"https:\/\/progsys.pl\/\" class=\"elementor-item\">Strona G\u0142\u00f3wna<\/a><\/li>\n<\/ul>\t\t\t<\/nav>\n\t\t\t\t\t<div class=\"elementor-menu-toggle\" role=\"button\" tabindex=\"0\" aria-label=\"Menu Toggle\" aria-expanded=\"false\">\n\t\t\t<svg aria-hidden=\"true\" role=\"presentation\" class=\"elementor-menu-toggle__icon--open e-font-icon-svg e-eicon-menu-bar\" viewBox=\"0 0 1000 1000\" xmlns=\"http:\/\/www.w3.org\/2000\/svg\"><path d=\"M104 333H896C929 333 958 304 958 271S929 208 896 208H104C71 208 42 237 42 271S71 333 104 333ZM104 583H896C929 583 958 554 958 521S929 458 896 458H104C71 458 42 487 42 521S71 583 104 583ZM104 833H896C929 833 958 804 958 771S929 708 896 708H104C71 708 42 737 42 771S71 833 104 833Z\"><\/path><\/svg><svg aria-hidden=\"true\" role=\"presentation\" class=\"elementor-menu-toggle__icon--close e-font-icon-svg e-eicon-close\" viewBox=\"0 0 1000 1000\" xmlns=\"http:\/\/www.w3.org\/2000\/svg\"><path d=\"M742 167L500 408 258 167C246 154 233 150 217 150 196 150 179 158 167 167 154 179 150 196 150 212 150 229 154 242 171 254L408 500 167 742C138 771 138 800 167 829 196 858 225 858 254 829L496 587 738 829C750 842 767 846 783 846 800 846 817 842 829 829 842 817 846 804 846 783 846 767 842 750 829 737L588 500 833 258C863 229 863 200 833 171 804 137 775 137 742 167Z\"><\/path><\/svg>\t\t<\/div>\n\t\t\t\t\t<nav class=\"elementor-nav-menu--dropdown elementor-nav-menu__container\" aria-hidden=\"true\">\n\t\t\t\t<ul id=\"menu-2-19a3119\" class=\"elementor-nav-menu\"><li class=\"menu-item menu-item-type-post_type menu-item-object-page menu-item-home menu-item-545\"><a href=\"https:\/\/progsys.pl\/\" class=\"elementor-item\" tabindex=\"-1\">Strona G\u0142\u00f3wna<\/a><\/li>\n<\/ul>\t\t\t<\/nav>\n\t\t\t\t\t\t<\/div>\n\t\t\t\t<\/div>\n\t\t\t\t\t<\/div>\n\t\t\t\t<\/div>\n\t\t<div class=\"elementor-element elementor-element-4168c80 e-flex e-con-boxed e-con e-parent\" data-id=\"4168c80\" data-element_type=\"container\" data-e-type=\"container\">\n\t\t\t\t\t<div class=\"e-con-inner\">\n\t\t<div class=\"elementor-element elementor-element-d83f53b e-con-full e-flex e-con e-child\" data-id=\"d83f53b\" data-element_type=\"container\" data-e-type=\"container\">\n\t\t\t\t<div class=\"elementor-element elementor-element-8bcf7d7 elementor-widget elementor-widget-heading\" data-id=\"8bcf7d7\" data-element_type=\"widget\" data-e-type=\"widget\" data-widget_type=\"heading.default\">\n\t\t\t\t\t<h5 class=\"elementor-heading-title elementor-size-default\">Pogotwie Informatyczne<\/h5>\t\t\t\t<\/div>\n\t\t\t\t<div class=\"elementor-element elementor-element-5f4fa7a elementor-widget__width-inherit elementor-widget elementor-widget-heading\" data-id=\"5f4fa7a\" data-element_type=\"widget\" data-e-type=\"widget\" data-widget_type=\"heading.default\">\n\t\t\t\t\t<h2 class=\"elementor-heading-title elementor-size-default\">Szybka <br>i profesjonalna pomoc informatyczna<\/h2>\t\t\t\t<\/div>\n\t\t\t\t<div class=\"elementor-element elementor-element-6a6ec27 elementor-widget elementor-widget-heading\" data-id=\"6a6ec27\" data-element_type=\"widget\" data-e-type=\"widget\" data-widget_type=\"heading.default\">\n\t\t\t\t\t<h3 class=\"elementor-heading-title elementor-size-default\">Dla firm i os\u00f3b prywatnych <\/h3>\t\t\t\t<\/div>\n\t\t\t\t<div class=\"elementor-element elementor-element-7e58c49 ee-button-group-gap-default elementor-widget elementor-widget-button-group\" data-id=\"7e58c49\" data-element_type=\"widget\" data-e-type=\"widget\" data-settings=\"{&quot;trigger&quot;:&quot;mouseenter&quot;,&quot;trigger_tablet&quot;:&quot;click_target&quot;,&quot;trigger_mobile&quot;:&quot;click_target&quot;,&quot;_hide&quot;:&quot;mouseleave&quot;,&quot;_hide_tablet&quot;:&quot;click_out&quot;,&quot;_hide_mobile&quot;:&quot;click_out&quot;,&quot;position&quot;:&quot;bottom&quot;,&quot;delay_in&quot;:{&quot;unit&quot;:&quot;px&quot;,&quot;size&quot;:&quot;&quot;,&quot;sizes&quot;:[]},&quot;delay_out&quot;:{&quot;unit&quot;:&quot;px&quot;,&quot;size&quot;:&quot;&quot;,&quot;sizes&quot;:[]},&quot;duration&quot;:{&quot;unit&quot;:&quot;px&quot;,&quot;size&quot;:&quot;&quot;,&quot;sizes&quot;:[]}}\" data-widget_type=\"button-group.default\">\n\t\t\t\t<div class=\"elementor-widget-container\">\n\t\t\t\t\t<ul class=\"ee-button-group\"><li class=\"ee-button-gap elementor-repeater-item-393808e\">\n\t\t\t\t\t<a class=\"ee-button-wrapper ee-effect ee-effect-type--\">\n\n\t\t\t\t\t\t<span class=\"ee-button ee-size-md\" data-label=\"Zajrzyj po szczeg\u00f3\u0142y\">\n\t\t\t\t\t\t\t<span class=\"ee-button-content-wrapper\"><span class=\"ee-button-text\">\n\t\t\t\t\t\t\t\t\tZajrzyj po szczeg\u00f3\u0142y\t\t\t\t\t\t\t\t<\/span>\n\n\t\t\t\t\t\t\t\t\n\t\t\t\t\t\t\t<\/span>\n\t\t\t\t\t\t<\/span>\n\n\t\t\t\t\t<\/a>\n\t\t\t\t<\/li><\/ul>\n\t\t\t\t\t\t<\/div>\n\t\t\t\t<\/div>\n\t\t\t\t<\/div>\n\t\t<div class=\"elementor-element elementor-element-5bb5471 e-con-full e-flex e-con e-child\" data-id=\"5bb5471\" data-element_type=\"container\" data-e-type=\"container\">\n\t\t\t\t<div class=\"elementor-element elementor-element-b7d56de elementor-widget elementor-widget-image\" data-id=\"b7d56de\" data-element_type=\"widget\" data-e-type=\"widget\" data-widget_type=\"image.default\">\n\t\t\t\t\t\t\t\t\t\t\t\t\t\t\t<img decoding=\"async\" width=\"813\" height=\"749\" src=\"https:\/\/progsys.pl\/wp-content\/uploads\/2026\/02\/sygnal.png\" class=\"attachment-large size-large wp-image-670\" alt=\"\" srcset=\"https:\/\/progsys.pl\/wp-content\/uploads\/2026\/02\/sygnal.png 813w, https:\/\/progsys.pl\/wp-content\/uploads\/2026\/02\/sygnal-300x276.png 300w, https:\/\/progsys.pl\/wp-content\/uploads\/2026\/02\/sygnal-768x708.png 768w\" sizes=\"(max-width: 813px) 100vw, 813px\" \/>\t\t\t\t\t\t\t\t\t\t\t\t\t\t\t<\/div>\n\t\t\t\t<\/div>\n\t\t\t\t\t<\/div>\n\t\t\t\t<\/div>\n\t\t<div class=\"elementor-element elementor-element-250f388 e-flex e-con-boxed e-con e-parent\" data-id=\"250f388\" data-element_type=\"container\" data-e-type=\"container\">\n\t\t\t\t\t<div class=\"e-con-inner\">\n\t\t\t\t<div class=\"elementor-element elementor-element-43f7e16 elementor-widget elementor-widget-heading\" data-id=\"43f7e16\" data-element_type=\"widget\" data-e-type=\"widget\" data-widget_type=\"heading.default\">\n\t\t\t\t\t<h5 class=\"elementor-heading-title elementor-size-default\">\u015awiadczone us\u0142ugi<\/h5>\t\t\t\t<\/div>\n\t\t\t\t<div class=\"elementor-element elementor-element-3c28d22 elementor-widget elementor-widget-heading\" data-id=\"3c28d22\" data-element_type=\"widget\" data-e-type=\"widget\" data-widget_type=\"heading.default\">\n\t\t\t\t\t<h2 class=\"elementor-heading-title elementor-size-default\">Rozwi\u0105\u017c sw\u00f3j problem szybko i profesjonalnie<\/h2>\t\t\t\t<\/div>\n\t\t\t\t<div class=\"elementor-element elementor-element-80cf898 elementor-widget elementor-widget-text-editor\" data-id=\"80cf898\" data-element_type=\"widget\" data-e-type=\"widget\" data-widget_type=\"text-editor.default\">\n\t\t\t\t\t\t\t\t\t<p>Zakres us\u0142ug Pogotowia IT obejmuje zar\u00f3wno bie\u017c\u0105ce wsparcie techniczne, jak i bardziej z\u0142o\u017cone prace projektowe. Pomagam w sytuacjach awaryjnych, ale r\u00f3wnie\u017c w planowaniu i wdra\u017caniu rozwi\u0105za\u0144, kt\u00f3re maj\u0105 s\u0142u\u017cy\u0107 d\u0142ugoterminowo.<\/p>\t\t\t\t\t\t\t\t<\/div>\n\t\t\t\t\t<\/div>\n\t\t\t\t<\/div>\n\t\t<div class=\"elementor-element elementor-element-cb648e4 e-flex e-con-boxed e-con e-parent\" data-id=\"cb648e4\" data-element_type=\"container\" data-e-type=\"container\">\n\t\t\t\t\t<div class=\"e-con-inner\">\n\t\t<div class=\"elementor-element elementor-element-1b517f8 e-con-full e-flex e-con e-child\" data-id=\"1b517f8\" data-element_type=\"container\" data-e-type=\"container\" data-settings=\"{&quot;background_background&quot;:&quot;classic&quot;}\">\n\t\t<div class=\"elementor-element elementor-element-003871f e-con-full e-flex e-con e-child\" data-id=\"003871f\" data-element_type=\"container\" data-e-type=\"container\">\n\t\t\t\t<div class=\"elementor-element elementor-element-0f70c80 elementor-widget elementor-widget-image\" data-id=\"0f70c80\" data-element_type=\"widget\" data-e-type=\"widget\" data-widget_type=\"image.default\">\n\t\t\t\t\t\t\t\t\t\t\t\t\t\t\t<img decoding=\"async\" width=\"300\" height=\"193\" src=\"https:\/\/progsys.pl\/wp-content\/uploads\/2026\/02\/biezace_wsparcie-300x193.png\" class=\"attachment-medium size-medium wp-image-607\" alt=\"\" srcset=\"https:\/\/progsys.pl\/wp-content\/uploads\/2026\/02\/biezace_wsparcie-300x193.png 300w, https:\/\/progsys.pl\/wp-content\/uploads\/2026\/02\/biezace_wsparcie.png 442w\" sizes=\"(max-width: 300px) 100vw, 300px\" \/>\t\t\t\t\t\t\t\t\t\t\t\t\t\t\t<\/div>\n\t\t\t\t<div class=\"elementor-element elementor-element-77e77f5 elementor-widget elementor-widget-heading\" data-id=\"77e77f5\" data-element_type=\"widget\" data-e-type=\"widget\" data-widget_type=\"heading.default\">\n\t\t\t\t\t<span class=\"elementor-heading-title elementor-size-default\">Automatyzacje proces\u00f3w binzesowych<\/span>\t\t\t\t<\/div>\n\t\t\t\t<div class=\"elementor-element elementor-element-e8f0fc6 elementor-widget elementor-widget-text-editor\" data-id=\"e8f0fc6\" data-element_type=\"widget\" data-e-type=\"widget\" data-widget_type=\"text-editor.default\">\n\t\t\t\t\t\t\t\t\tAutomatyzacje proces\u00f3w to us\u0142uga skierowana do firm, kt\u00f3re chc\u0105 <strong style=\"color: #258cde;\">ograniczy\u0107 r\u0119czne, powtarzalne czynno\u015bci<\/strong> i zwi\u0119kszy\u0107 efektywno\u015b\u0107 pracy zespo\u0142\u00f3w. Skupiam si\u0119 na <strong style=\"color: #258cde;\">praktycznych automatyzacjach<\/strong>,kt\u00f3re realnie oszcz\u0119dzaj\u0105 czas i redukuj\u0105 ryzyko b\u0142\u0119d\u00f3w.\t\t\t\t\t\t\t\t<\/div>\n\t\t\t\t<\/div>\n\t\t\t\t<\/div>\n\t\t<div class=\"elementor-element elementor-element-dcfd557 e-con-full e-flex e-con e-child\" data-id=\"dcfd557\" data-element_type=\"container\" data-e-type=\"container\" data-settings=\"{&quot;background_background&quot;:&quot;classic&quot;}\">\n\t\t<div class=\"elementor-element elementor-element-f19aec1 e-con-full e-flex e-con e-child\" data-id=\"f19aec1\" data-element_type=\"container\" data-e-type=\"container\">\n\t\t\t\t<div class=\"elementor-element elementor-element-987b10c elementor-widget elementor-widget-image\" data-id=\"987b10c\" data-element_type=\"widget\" data-e-type=\"widget\" data-widget_type=\"image.default\">\n\t\t\t\t\t\t\t\t\t\t\t\t\t\t\t<img loading=\"lazy\" decoding=\"async\" width=\"300\" height=\"193\" src=\"https:\/\/progsys.pl\/wp-content\/uploads\/2026\/02\/rozwiazywanie_problemow-1-300x193.png\" class=\"attachment-medium size-medium wp-image-609\" alt=\"\" srcset=\"https:\/\/progsys.pl\/wp-content\/uploads\/2026\/02\/rozwiazywanie_problemow-1-300x193.png 300w, https:\/\/progsys.pl\/wp-content\/uploads\/2026\/02\/rozwiazywanie_problemow-1.png 442w\" sizes=\"(max-width: 300px) 100vw, 300px\" \/>\t\t\t\t\t\t\t\t\t\t\t\t\t\t\t<\/div>\n\t\t\t\t<div class=\"elementor-element elementor-element-7b583cf elementor-widget elementor-widget-heading\" data-id=\"7b583cf\" data-element_type=\"widget\" data-e-type=\"widget\" data-widget_type=\"heading.default\">\n\t\t\t\t\t<span class=\"elementor-heading-title elementor-size-default\">Rozwi\u0105zywanie problem\u00f3w konfiguracyjnych i produkcyjnych<\/span>\t\t\t\t<\/div>\n\t\t\t\t<div class=\"elementor-element elementor-element-5f04e86 elementor-widget elementor-widget-text-editor\" data-id=\"5f04e86\" data-element_type=\"widget\" data-e-type=\"widget\" data-widget_type=\"text-editor.default\">\n\t\t\t\t\t\t\t\t\t<strong style=\"color: #258cde;\">Diagnozuj\u0119 i usuwam awarie <\/strong> system\u00f3w, aplikacji i \u015brodowisk produkcyjnych. Dzia\u0142am metodycznie, skupiaj\u0105c si\u0119 na <strong style=\"color: #258cde;\">przyczynie problemu<\/strong>, a nie tylko na jego skutkach.\t\t\t\t\t\t\t\t<\/div>\n\t\t\t\t<\/div>\n\t\t\t\t<\/div>\n\t\t<div class=\"elementor-element elementor-element-b7d1944 e-con-full e-flex e-con e-child\" data-id=\"b7d1944\" data-element_type=\"container\" data-e-type=\"container\" data-settings=\"{&quot;background_background&quot;:&quot;classic&quot;}\">\n\t\t<div class=\"elementor-element elementor-element-f3aabcc e-con-full e-flex e-con e-child\" data-id=\"f3aabcc\" data-element_type=\"container\" data-e-type=\"container\">\n\t\t\t\t<div class=\"elementor-element elementor-element-ff54516 elementor-widget elementor-widget-image\" data-id=\"ff54516\" data-element_type=\"widget\" data-e-type=\"widget\" data-widget_type=\"image.default\">\n\t\t\t\t\t\t\t\t\t\t\t\t\t\t\t<img loading=\"lazy\" decoding=\"async\" width=\"300\" height=\"193\" src=\"https:\/\/progsys.pl\/wp-content\/uploads\/2026\/02\/wdrozenia-300x193.png\" class=\"attachment-medium size-medium wp-image-610\" alt=\"\" srcset=\"https:\/\/progsys.pl\/wp-content\/uploads\/2026\/02\/wdrozenia-300x193.png 300w, https:\/\/progsys.pl\/wp-content\/uploads\/2026\/02\/wdrozenia.png 442w\" sizes=\"(max-width: 300px) 100vw, 300px\" \/>\t\t\t\t\t\t\t\t\t\t\t\t\t\t\t<\/div>\n\t\t\t\t<div class=\"elementor-element elementor-element-c83bc83 elementor-widget elementor-widget-heading\" data-id=\"c83bc83\" data-element_type=\"widget\" data-e-type=\"widget\" data-widget_type=\"heading.default\">\n\t\t\t\t\t<span class=\"elementor-heading-title elementor-size-default\">Wdro\u017cenia, migracje<\/span>\t\t\t\t<\/div>\n\t\t\t\t<div class=\"elementor-element elementor-element-ce3325a elementor-widget elementor-widget-text-editor\" data-id=\"ce3325a\" data-element_type=\"widget\" data-e-type=\"widget\" data-widget_type=\"text-editor.default\">\n\t\t\t\t\t\t\t\t\tPomagam <strong style=\"color: #258cde;\">bezpiecznie wdra\u017ca\u0107<\/strong> <br>i przenosi\u0107 systemy IT <strong style=\"color: #258cde;\">bez chaosu <br>i przestoj\u00f3w<\/strong>. Porz\u0105dkuj\u0119 procesy, upraszczaj\u0105c workflow i dopasowuj\u0105c je do realnej pracy zespo\u0142\u00f3w. Dzi\u0119ki temu <strong style=\"color: #258cde;\">narz\u0119dzia zaczynaj\u0105 wspiera\u0107 biznes<\/strong> , a nie go spowalnia\u0107.\t\t\t\t\t\t\t\t<\/div>\n\t\t\t\t<\/div>\n\t\t\t\t<\/div>\n\t\t\t\t\t<\/div>\n\t\t\t\t<\/div>\n\t\t<div class=\"elementor-element elementor-element-82e4d2a e-flex e-con-boxed e-con e-parent\" data-id=\"82e4d2a\" data-element_type=\"container\" data-e-type=\"container\">\n\t\t\t\t\t<div class=\"e-con-inner\">\n\t\t<div class=\"elementor-element elementor-element-aef7162 e-con-full e-flex e-con e-child\" data-id=\"aef7162\" data-element_type=\"container\" data-e-type=\"container\">\n\t\t\t\t<div class=\"elementor-element elementor-element-ed746d1 elementor-widget elementor-widget-heading\" data-id=\"ed746d1\" data-element_type=\"widget\" data-e-type=\"widget\" data-widget_type=\"heading.default\">\n\t\t\t\t\t<h2 class=\"elementor-heading-title elementor-size-default\">Jak wygl\u0105da wsp\u00f3\u0142praca<\/h2>\t\t\t\t<\/div>\n\t\t\t\t<\/div>\n\t\t\t\t\t<\/div>\n\t\t\t\t<\/div>\n\t\t<div class=\"elementor-element elementor-element-456e164 e-flex e-con-boxed e-con e-parent\" data-id=\"456e164\" data-element_type=\"container\" data-e-type=\"container\">\n\t\t\t\t\t<div class=\"e-con-inner\">\n\t\t<div class=\"elementor-element elementor-element-8df1589 e-con-full e-flex e-con e-child\" data-id=\"8df1589\" data-element_type=\"container\" data-e-type=\"container\">\n\t\t\t\t<div class=\"elementor-element elementor-element-b70449f elementor-widget elementor-widget-image\" data-id=\"b70449f\" data-element_type=\"widget\" data-e-type=\"widget\" data-widget_type=\"image.default\">\n\t\t\t\t\t\t\t\t\t\t\t\t\t\t\t<img loading=\"lazy\" decoding=\"async\" width=\"460\" height=\"330\" src=\"https:\/\/progsys.pl\/wp-content\/uploads\/2026\/02\/flow_zgloszenia_1.png\" class=\"attachment-large size-large wp-image-625\" alt=\"\" srcset=\"https:\/\/progsys.pl\/wp-content\/uploads\/2026\/02\/flow_zgloszenia_1.png 460w, https:\/\/progsys.pl\/wp-content\/uploads\/2026\/02\/flow_zgloszenia_1-300x215.png 300w\" sizes=\"(max-width: 460px) 100vw, 460px\" \/>\t\t\t\t\t\t\t\t\t\t\t\t\t\t\t<\/div>\n\t\t\t\t<div class=\"elementor-element elementor-element-de20017 elementor-widget elementor-widget-heading\" data-id=\"de20017\" data-element_type=\"widget\" data-e-type=\"widget\" data-widget_type=\"heading.default\">\n\t\t\t\t\t<h5 class=\"elementor-heading-title elementor-size-default\">Zg\u0142aszasz problem przez formularz kontaktowy<\/h5>\t\t\t\t<\/div>\n\t\t\t\t<\/div>\n\t\t<div class=\"elementor-element elementor-element-585783d e-con-full e-transform e-flex e-con e-child\" data-id=\"585783d\" data-element_type=\"container\" data-e-type=\"container\" data-settings=\"{&quot;_transform_rotateZ_effect_mobile&quot;:{&quot;unit&quot;:&quot;deg&quot;,&quot;size&quot;:90,&quot;sizes&quot;:[]},&quot;_transform_rotateZ_effect&quot;:{&quot;unit&quot;:&quot;px&quot;,&quot;size&quot;:&quot;&quot;,&quot;sizes&quot;:[]},&quot;_transform_rotateZ_effect_tablet&quot;:{&quot;unit&quot;:&quot;deg&quot;,&quot;size&quot;:&quot;&quot;,&quot;sizes&quot;:[]}}\">\n\t\t\t\t<div class=\"elementor-element elementor-element-210f627 elementor-widget elementor-widget-image\" data-id=\"210f627\" data-element_type=\"widget\" data-e-type=\"widget\" data-widget_type=\"image.default\">\n\t\t\t\t\t\t\t\t\t\t\t\t\t\t\t<img loading=\"lazy\" decoding=\"async\" width=\"128\" height=\"46\" src=\"https:\/\/progsys.pl\/wp-content\/uploads\/2026\/02\/flow_zgloszenia_strzalka.png\" class=\"attachment-large size-large wp-image-626\" alt=\"\" \/>\t\t\t\t\t\t\t\t\t\t\t\t\t\t\t<\/div>\n\t\t\t\t<\/div>\n\t\t<div class=\"elementor-element elementor-element-d85a080 e-con-full e-flex e-con e-child\" data-id=\"d85a080\" data-element_type=\"container\" data-e-type=\"container\">\n\t\t\t\t<div class=\"elementor-element elementor-element-7556ed5 elementor-widget elementor-widget-image\" data-id=\"7556ed5\" data-element_type=\"widget\" data-e-type=\"widget\" data-widget_type=\"image.default\">\n\t\t\t\t\t\t\t\t\t\t\t\t\t\t\t<img loading=\"lazy\" decoding=\"async\" width=\"460\" height=\"330\" src=\"https:\/\/progsys.pl\/wp-content\/uploads\/2026\/02\/flow_zgloszenia_2.png\" class=\"attachment-large size-large wp-image-627\" alt=\"\" srcset=\"https:\/\/progsys.pl\/wp-content\/uploads\/2026\/02\/flow_zgloszenia_2.png 460w, https:\/\/progsys.pl\/wp-content\/uploads\/2026\/02\/flow_zgloszenia_2-300x215.png 300w\" sizes=\"(max-width: 460px) 100vw, 460px\" \/>\t\t\t\t\t\t\t\t\t\t\t\t\t\t\t<\/div>\n\t\t\t\t<div class=\"elementor-element elementor-element-5c3c7b4 elementor-widget elementor-widget-heading\" data-id=\"5c3c7b4\" data-element_type=\"widget\" data-e-type=\"widget\" data-widget_type=\"heading.default\">\n\t\t\t\t\t<h5 class=\"elementor-heading-title elementor-size-default\">Do 24h otrzymujesz wst\u0119pn\u0105 analiz\u0119 i wycen\u0119<\/h5>\t\t\t\t<\/div>\n\t\t\t\t<\/div>\n\t\t<div class=\"elementor-element elementor-element-bcb7f16 e-con-full e-transform e-flex e-con e-child\" data-id=\"bcb7f16\" data-element_type=\"container\" data-e-type=\"container\" data-settings=\"{&quot;_transform_rotateZ_effect_mobile&quot;:{&quot;unit&quot;:&quot;deg&quot;,&quot;size&quot;:90,&quot;sizes&quot;:[]},&quot;_transform_rotateZ_effect&quot;:{&quot;unit&quot;:&quot;px&quot;,&quot;size&quot;:&quot;&quot;,&quot;sizes&quot;:[]},&quot;_transform_rotateZ_effect_tablet&quot;:{&quot;unit&quot;:&quot;deg&quot;,&quot;size&quot;:&quot;&quot;,&quot;sizes&quot;:[]}}\">\n\t\t\t\t<div class=\"elementor-element elementor-element-9f75633 elementor-widget elementor-widget-image\" data-id=\"9f75633\" data-element_type=\"widget\" data-e-type=\"widget\" data-widget_type=\"image.default\">\n\t\t\t\t\t\t\t\t\t\t\t\t\t\t\t<img loading=\"lazy\" decoding=\"async\" width=\"128\" height=\"46\" src=\"https:\/\/progsys.pl\/wp-content\/uploads\/2026\/02\/flow_zgloszenia_strzalka.png\" class=\"attachment-large size-large wp-image-626\" alt=\"\" \/>\t\t\t\t\t\t\t\t\t\t\t\t\t\t\t<\/div>\n\t\t\t\t<\/div>\n\t\t<div class=\"elementor-element elementor-element-e4ce580 e-con-full e-flex e-con e-child\" data-id=\"e4ce580\" data-element_type=\"container\" data-e-type=\"container\">\n\t\t\t\t<div class=\"elementor-element elementor-element-b21e679 elementor-widget elementor-widget-image\" data-id=\"b21e679\" data-element_type=\"widget\" data-e-type=\"widget\" data-widget_type=\"image.default\">\n\t\t\t\t\t\t\t\t\t\t\t\t\t\t\t<img loading=\"lazy\" decoding=\"async\" width=\"460\" height=\"330\" src=\"https:\/\/progsys.pl\/wp-content\/uploads\/2026\/02\/flow_zgloszenia_3.png\" class=\"attachment-large size-large wp-image-628\" alt=\"\" srcset=\"https:\/\/progsys.pl\/wp-content\/uploads\/2026\/02\/flow_zgloszenia_3.png 460w, https:\/\/progsys.pl\/wp-content\/uploads\/2026\/02\/flow_zgloszenia_3-300x215.png 300w\" sizes=\"(max-width: 460px) 100vw, 460px\" \/>\t\t\t\t\t\t\t\t\t\t\t\t\t\t\t<\/div>\n\t\t\t\t<div class=\"elementor-element elementor-element-efd4eb0 elementor-widget elementor-widget-heading\" data-id=\"efd4eb0\" data-element_type=\"widget\" data-e-type=\"widget\" data-widget_type=\"heading.default\">\n\t\t\t\t\t<h5 class=\"elementor-heading-title elementor-size-default\">Po akceptacji realizuj\u0119 us\u0142ug\u0119 i przekazuj\u0119 dokumentacj\u0119<\/h5>\t\t\t\t<\/div>\n\t\t\t\t<\/div>\n\t\t\t\t\t<\/div>\n\t\t\t\t<\/div>\n\t\t\t\t<\/div>\n\t\t","protected":false},"excerpt":{"rendered":"<p>Pogotwie Informatyczne Szybka i profesjonalna pomoc informatyczna Dla firm i os\u00f3b prywatnych Zajrzyj po szczeg\u00f3\u0142y \u015awiadczone us\u0142ugi Rozwi\u0105\u017c sw\u00f3j problem szybko i profesjonalnie Zakres us\u0142ug Pogotowia IT obejmuje zar\u00f3wno bie\u017c\u0105ce wsparcie techniczne, jak i bardziej z\u0142o\u017cone prace projektowe. Pomagam w sytuacjach awaryjnych, ale r\u00f3wnie\u017c w planowaniu i wdra\u017caniu rozwi\u0105za\u0144, kt\u00f3re maj\u0105 s\u0142u\u017cy\u0107 d\u0142ugoterminowo. Automatyzacje proces\u00f3w [&hellip;]<\/p>\n","protected":false},"author":1,"featured_media":0,"parent":0,"menu_order":0,"comment_status":"closed","ping_status":"closed","template":"elementor_canvas","meta":{"footnotes":""},"class_list":["post-503","page","type-page","status-publish","hentry"],"_links":{"self":[{"href":"https:\/\/progsys.pl\/index.php?rest_route=\/wp\/v2\/pages\/503","targetHints":{"allow":["GET"]}}],"collection":[{"href":"https:\/\/progsys.pl\/index.php?rest_route=\/wp\/v2\/pages"}],"about":[{"href":"https:\/\/progsys.pl\/index.php?rest_route=\/wp\/v2\/types\/page"}],"author":[{"embeddable":true,"href":"https:\/\/progsys.pl\/index.php?rest_route=\/wp\/v2\/users\/1"}],"replies":[{"embeddable":true,"href":"https:\/\/progsys.pl\/index.php?rest_route=%2Fwp%2Fv2%2Fcomments&post=503"}],"version-history":[{"count":142,"href":"https:\/\/progsys.pl\/index.php?rest_route=\/wp\/v2\/pages\/503\/revisions"}],"predecessor-version":[{"id":721,"href":"https:\/\/progsys.pl\/index.php?rest_route=\/wp\/v2\/pages\/503\/revisions\/721"}],"wp:attachment":[{"href":"https:\/\/progsys.pl\/index.php?rest_route=%2Fwp%2Fv2%2Fmedia&parent=503"}],"curies":[{"name":"wp","href":"https:\/\/api.w.org\/{rel}","templated":true}]}}